{"id":1640,"date":"2025-09-12T04:56:03","date_gmt":"2025-09-12T02:56:03","guid":{"rendered":"https:\/\/callenium.memacon.com\/impressum\/"},"modified":"2025-10-12T09:57:38","modified_gmt":"2025-10-12T07:57:38","slug":"mentions-legales","status":"publish","type":"page","link":"https:\/\/callenium.ch\/fr\/mentions-legales\/","title":{"rendered":"Mentions l\u00e9gales"},"content":{"rendered":"\t\t<div data-elementor-type=\"wp-page\" data-elementor-id=\"1640\" class=\"elementor elementor-1640 elementor-791\" data-elementor-post-type=\"page\">\n\t\t\t\t<div class=\"elementor-element elementor-element-4301dbe e-flex e-con-boxed e-con e-parent\" data-id=\"4301dbe\" data-element_type=\"container\" data-e-type=\"container\">\n\t\t\t\t\t<div class=\"e-con-inner\">\n\t\t<div class=\"elementor-element elementor-element-52d3fd5 e-flex e-con-boxed e-con e-child\" data-id=\"52d3fd5\" data-element_type=\"container\" data-e-type=\"container\" data-settings=\"{&quot;background_background&quot;:&quot;classic&quot;}\">\n\t\t\t\t\t<div class=\"e-con-inner\">\n\t\t\t\t<div class=\"elementor-element elementor-element-5dd6c29 elementor-widget__width-inherit elementor-widget elementor-widget-heading\" data-id=\"5dd6c29\" data-element_type=\"widget\" data-e-type=\"widget\" data-widget_type=\"heading.default\">\n\t\t\t\t\t<h3 class=\"elementor-heading-title elementor-size-default\">Impressum<\/h3>\t\t\t\t<\/div>\n\t\t\t\t<div class=\"elementor-element elementor-element-f8d8d7e elementor-widget elementor-widget-text-editor\" data-id=\"f8d8d7e\" data-element_type=\"widget\" data-e-type=\"widget\" data-widget_type=\"text-editor.default\">\n\t\t\t\t\t\t\t\t\t<p><strong>Callenium GmbH<br \/><\/strong>Bahnhofstrasse 15<br \/>CH-8253 Diessenhofen<br \/>Suisse<\/p><p>\u00a0<\/p><p><strong>Contact :<\/strong><\/p><p>T\u00e9l\u00e9phone : +41 52 657 59 14<br \/>E-mail : info@callenium.ch<\/p><p>\u00a0<\/p><p>Directrice g\u00e9n\u00e9rale : Tania Rivetti<br \/>Joignable du lundi au vendredi de 10h00 \u00e0 12h00 \/ 14h00 \u00e0 18h00<\/p><p>On n&rsquo;est ni oblig\u00e9s ni pr\u00eats \u00e0 participer \u00e0 une proc\u00e9dure de r\u00e8glement des litiges devant un organisme de conciliation des consommateurs.<\/p>\t\t\t\t\t\t\t\t<\/div>\n\t\t\t\t<div class=\"elementor-element elementor-element-5ba0adf e-transform elementor-widget elementor-widget-button\" data-id=\"5ba0adf\" data-element_type=\"widget\" data-e-type=\"widget\" data-settings=\"{&quot;_transform_translateY_effect_hover&quot;:{&quot;unit&quot;:&quot;px&quot;,&quot;size&quot;:-8,&quot;sizes&quot;:[]},&quot;_transform_translateX_effect_hover&quot;:{&quot;unit&quot;:&quot;px&quot;,&quot;size&quot;:&quot;&quot;,&quot;sizes&quot;:[]},&quot;_transform_translateX_effect_hover_laptop&quot;:{&quot;unit&quot;:&quot;px&quot;,&quot;size&quot;:&quot;&quot;,&quot;sizes&quot;:[]},&quot;_transform_translateX_effect_hover_tablet_extra&quot;:{&quot;unit&quot;:&quot;px&quot;,&quot;size&quot;:&quot;&quot;,&quot;sizes&quot;:[]},&quot;_transform_translateX_effect_hover_tablet&quot;:{&quot;unit&quot;:&quot;px&quot;,&quot;size&quot;:&quot;&quot;,&quot;sizes&quot;:[]},&quot;_transform_translateX_effect_hover_mobile_extra&quot;:{&quot;unit&quot;:&quot;px&quot;,&quot;size&quot;:&quot;&quot;,&quot;sizes&quot;:[]},&quot;_transform_translateX_effect_hover_mobile&quot;:{&quot;unit&quot;:&quot;px&quot;,&quot;size&quot;:&quot;&quot;,&quot;sizes&quot;:[]},&quot;_transform_translateY_effect_hover_laptop&quot;:{&quot;unit&quot;:&quot;px&quot;,&quot;size&quot;:&quot;&quot;,&quot;sizes&quot;:[]},&quot;_transform_translateY_effect_hover_tablet_extra&quot;:{&quot;unit&quot;:&quot;px&quot;,&quot;size&quot;:&quot;&quot;,&quot;sizes&quot;:[]},&quot;_transform_translateY_effect_hover_tablet&quot;:{&quot;unit&quot;:&quot;px&quot;,&quot;size&quot;:&quot;&quot;,&quot;sizes&quot;:[]},&quot;_transform_translateY_effect_hover_mobile_extra&quot;:{&quot;unit&quot;:&quot;px&quot;,&quot;size&quot;:&quot;&quot;,&quot;sizes&quot;:[]},&quot;_transform_translateY_effect_hover_mobile&quot;:{&quot;unit&quot;:&quot;px&quot;,&quot;size&quot;:&quot;&quot;,&quot;sizes&quot;:[]}}\" data-widget_type=\"button.default\">\n\t\t\t\t\t\t\t\t\t\t<a class=\"elementor-button elementor-button-link elementor-size-sm\" href=\"https:\/\/callenium.ch\/fr\/\">\n\t\t\t\t\t\t<span class=\"elementor-button-content-wrapper\">\n\t\t\t\t\t\t<span class=\"elementor-button-icon\">\n\t\t\t\t<i aria-hidden=\"true\" class=\"rtmicon rtmicon-chevron-right\"><\/i>\t\t\t<\/span>\n\t\t\t\t\t\t\t\t\t<span class=\"elementor-button-text\">Retour \u00e0 la page d'accueil<\/span>\n\t\t\t\t\t<\/span>\n\t\t\t\t\t<\/a>\n\t\t\t\t\t\t\t\t<\/div>\n\t\t\t\t\t<\/div>\n\t\t\t\t<\/div>\n\t\t\t\t\t<\/div>\n\t\t\t\t<\/div>\n\t\t\t\t<\/div>\n\t\t","protected":false},"excerpt":{"rendered":"<p>Impressum Callenium GmbH Bahnhofstrasse 15 CH-8253 Diessenhofen Suisse Contact : T\u00e9l\u00e9phone : +41 52 657 59 14 E-mail : info@callenium.ch Directrice g\u00e9n\u00e9rale : Tania Rivetti Joignable du lundi au vendredi de 10h00 \u00e0 12h00 \/ 14h00 \u00e0 18h00 On n&rsquo;est ni oblig\u00e9s ni pr\u00eats \u00e0 participer \u00e0 une proc\u00e9dure de r\u00e8glement des litiges devant un [&hellip;]<\/p>\n","protected":false},"author":1,"featured_media":0,"parent":0,"menu_order":0,"comment_status":"closed","ping_status":"closed","template":"","meta":{"footnotes":""},"class_list":["post-1640","page","type-page","status-publish","hentry"],"yoast_head":"<!-- This site is optimized with the Yoast SEO Premium plugin v27.2 (Yoast SEO v27.2) - https:\/\/yoast.com\/product\/yoast-seo-premium-wordpress\/ -->\n<title>Callenium \u2013 Mentions l\u00e9gales Suisse<\/title>\n<meta name=\"description\" content=\"Retrouvez les mentions l\u00e9gales de Callenium GmbH\u202f: coordonn\u00e9es, droits et pr\u00e9cisions selon la loi suisse. Informations officielles et compl\u00e8tes.\" \/>\n<meta name=\"robots\" content=\"index, follow, max-snippet:-1, max-image-preview:large, max-video-preview:-1\" \/>\n<link rel=\"canonical\" href=\"https:\/\/callenium.ch\/fr\/mentions-legales\/\" \/>\n<meta property=\"og:locale\" content=\"fr_FR\" \/>\n<meta property=\"og:type\" content=\"article\" \/>\n<meta property=\"og:title\" content=\"Mentions l\u00e9gales\" \/>\n<meta property=\"og:description\" content=\"Retrouvez les mentions l\u00e9gales de Callenium GmbH\u202f: coordonn\u00e9es, droits et pr\u00e9cisions selon la loi suisse. Informations officielles et compl\u00e8tes.\" \/>\n<meta property=\"og:url\" content=\"https:\/\/callenium.ch\/fr\/mentions-legales\/\" \/>\n<meta property=\"og:site_name\" content=\"Callenium\" \/>\n<meta property=\"article:modified_time\" content=\"2025-10-12T07:57:38+00:00\" \/>\n<meta name=\"twitter:card\" content=\"summary_large_image\" \/>\n<meta name=\"twitter:label1\" content=\"Dur\u00e9e de lecture estim\u00e9e\" \/>\n\t<meta name=\"twitter:data1\" content=\"1 minute\" \/>\n<script type=\"application\/ld+json\" class=\"yoast-schema-graph\">{\"@context\":\"https:\/\/schema.org\",\"@graph\":[{\"@type\":\"WebPage\",\"@id\":\"https:\/\/callenium.ch\/fr\/mentions-legales\/\",\"url\":\"https:\/\/callenium.ch\/fr\/mentions-legales\/\",\"name\":\"Callenium \u2013 Mentions l\u00e9gales Suisse\",\"isPartOf\":{\"@id\":\"https:\/\/callenium.ch\/fr\/#website\"},\"datePublished\":\"2025-09-12T02:56:03+00:00\",\"dateModified\":\"2025-10-12T07:57:38+00:00\",\"description\":\"Retrouvez les mentions l\u00e9gales de Callenium GmbH\u202f: coordonn\u00e9es, droits et pr\u00e9cisions selon la loi suisse. Informations officielles et compl\u00e8tes.\",\"breadcrumb\":{\"@id\":\"https:\/\/callenium.ch\/fr\/mentions-legales\/#breadcrumb\"},\"inLanguage\":\"fr-FR\",\"potentialAction\":[{\"@type\":\"ReadAction\",\"target\":[\"https:\/\/callenium.ch\/fr\/mentions-legales\/\"]}]},{\"@type\":\"BreadcrumbList\",\"@id\":\"https:\/\/callenium.ch\/fr\/mentions-legales\/#breadcrumb\",\"itemListElement\":[{\"@type\":\"ListItem\",\"position\":1,\"name\":\"Home\",\"item\":\"https:\/\/callenium.ch\/fr\/\"},{\"@type\":\"ListItem\",\"position\":2,\"name\":\"Mentions l\u00e9gales\"}]},{\"@type\":\"WebSite\",\"@id\":\"https:\/\/callenium.ch\/fr\/#website\",\"url\":\"https:\/\/callenium.ch\/fr\/\",\"name\":\"Callenium\",\"description\":\"\",\"potentialAction\":[{\"@type\":\"SearchAction\",\"target\":{\"@type\":\"EntryPoint\",\"urlTemplate\":\"https:\/\/callenium.ch\/fr\/?s={search_term_string}\"},\"query-input\":{\"@type\":\"PropertyValueSpecification\",\"valueRequired\":true,\"valueName\":\"search_term_string\"}}],\"inLanguage\":\"fr-FR\"}]}<\/script>\n<!-- \/ Yoast SEO Premium plugin. -->","yoast_head_json":{"title":"Callenium \u2013 Mentions l\u00e9gales Suisse","description":"Retrouvez les mentions l\u00e9gales de Callenium GmbH\u202f: coordonn\u00e9es, droits et pr\u00e9cisions selon la loi suisse. Informations officielles et compl\u00e8tes.","robots":{"index":"index","follow":"follow","max-snippet":"max-snippet:-1","max-image-preview":"max-image-preview:large","max-video-preview":"max-video-preview:-1"},"canonical":"https:\/\/callenium.ch\/fr\/mentions-legales\/","og_locale":"fr_FR","og_type":"article","og_title":"Mentions l\u00e9gales","og_description":"Retrouvez les mentions l\u00e9gales de Callenium GmbH\u202f: coordonn\u00e9es, droits et pr\u00e9cisions selon la loi suisse. Informations officielles et compl\u00e8tes.","og_url":"https:\/\/callenium.ch\/fr\/mentions-legales\/","og_site_name":"Callenium","article_modified_time":"2025-10-12T07:57:38+00:00","twitter_card":"summary_large_image","twitter_misc":{"Dur\u00e9e de lecture estim\u00e9e":"1 minute"},"schema":{"@context":"https:\/\/schema.org","@graph":[{"@type":"WebPage","@id":"https:\/\/callenium.ch\/fr\/mentions-legales\/","url":"https:\/\/callenium.ch\/fr\/mentions-legales\/","name":"Callenium \u2013 Mentions l\u00e9gales Suisse","isPartOf":{"@id":"https:\/\/callenium.ch\/fr\/#website"},"datePublished":"2025-09-12T02:56:03+00:00","dateModified":"2025-10-12T07:57:38+00:00","description":"Retrouvez les mentions l\u00e9gales de Callenium GmbH\u202f: coordonn\u00e9es, droits et pr\u00e9cisions selon la loi suisse. Informations officielles et compl\u00e8tes.","breadcrumb":{"@id":"https:\/\/callenium.ch\/fr\/mentions-legales\/#breadcrumb"},"inLanguage":"fr-FR","potentialAction":[{"@type":"ReadAction","target":["https:\/\/callenium.ch\/fr\/mentions-legales\/"]}]},{"@type":"BreadcrumbList","@id":"https:\/\/callenium.ch\/fr\/mentions-legales\/#breadcrumb","itemListElement":[{"@type":"ListItem","position":1,"name":"Home","item":"https:\/\/callenium.ch\/fr\/"},{"@type":"ListItem","position":2,"name":"Mentions l\u00e9gales"}]},{"@type":"WebSite","@id":"https:\/\/callenium.ch\/fr\/#website","url":"https:\/\/callenium.ch\/fr\/","name":"Callenium","description":"","potentialAction":[{"@type":"SearchAction","target":{"@type":"EntryPoint","urlTemplate":"https:\/\/callenium.ch\/fr\/?s={search_term_string}"},"query-input":{"@type":"PropertyValueSpecification","valueRequired":true,"valueName":"search_term_string"}}],"inLanguage":"fr-FR"}]}},"_links":{"self":[{"href":"https:\/\/callenium.ch\/fr\/wp-json\/wp\/v2\/pages\/1640","targetHints":{"allow":["GET"]}}],"collection":[{"href":"https:\/\/callenium.ch\/fr\/wp-json\/wp\/v2\/pages"}],"about":[{"href":"https:\/\/callenium.ch\/fr\/wp-json\/wp\/v2\/types\/page"}],"author":[{"embeddable":true,"href":"https:\/\/callenium.ch\/fr\/wp-json\/wp\/v2\/users\/1"}],"replies":[{"embeddable":true,"href":"https:\/\/callenium.ch\/fr\/wp-json\/wp\/v2\/comments?post=1640"}],"version-history":[{"count":8,"href":"https:\/\/callenium.ch\/fr\/wp-json\/wp\/v2\/pages\/1640\/revisions"}],"predecessor-version":[{"id":3285,"href":"https:\/\/callenium.ch\/fr\/wp-json\/wp\/v2\/pages\/1640\/revisions\/3285"}],"wp:attachment":[{"href":"https:\/\/callenium.ch\/fr\/wp-json\/wp\/v2\/media?parent=1640"}],"curies":[{"name":"wp","href":"https:\/\/api.w.org\/{rel}","templated":true}]}}